{"id":19,"date":"2026-02-05T20:22:08","date_gmt":"2026-02-05T20:22:08","guid":{"rendered":"http:\/\/voyagenpoche.com\/?page_id=19"},"modified":"2026-02-05T20:22:08","modified_gmt":"2026-02-05T20:22:08","slug":"mention-legale","status":"publish","type":"page","link":"https:\/\/voyagenpoche.com\/?page_id=19","title":{"rendered":"Mention L\u00e9gale"},"content":{"rendered":"\n<h2 class=\"wp-block-heading\">Mentions l\u00e9gales<\/h2>\n\n\n\n<p>Conform\u00e9ment aux dispositions des articles 6-III et 19 de la Loi pour la Confiance dans l\u2019\u00c9conomie Num\u00e9rique (LCEN), il est pr\u00e9cis\u00e9 aux utilisateurs du site les informations suivantes :<\/p>\n\n\n\n<h3 class=\"wp-block-heading\">1. \u00c9diteur du site<\/h3>\n\n\n\n<p>Nom et pr\u00e9nom :\u00a0<strong>Meg CHTN<\/strong><br>Adresse :\u00a0<strong>Paris, France<\/strong><\/p>\n\n\n\n<p>Le directeur de la publication est :\u00a0Meg CHTN<\/p>\n\n\n\n<hr class=\"wp-block-separator has-alpha-channel-opacity\"\/>\n\n\n\n<h3 class=\"wp-block-heading\">2. H\u00e9bergement<\/h3>\n\n\n\n<p>Le site est h\u00e9berg\u00e9 par :<\/p>\n\n\n\n<p>Nom de l\u2019h\u00e9bergeur :\u00a0<strong>OVH<\/strong><br>Adresse :\u00a0<strong>2 rue Kellermann &#8211; 59100 Roubaix &#8211; France<\/strong><br>Site web :\u00a0<strong><a href=\"https:\/\/www.ovhcloud.com\/fr\/\">Site<\/a><\/strong><\/p>\n\n\n\n<hr class=\"wp-block-separator has-alpha-channel-opacity\"\/>\n\n\n\n<h3 class=\"wp-block-heading\">3. Propri\u00e9t\u00e9 intellectuelle<\/h3>\n\n\n\n<p>L\u2019ensemble des contenus pr\u00e9sents sur le site (textes, images, photographies, vid\u00e9os, logos, etc.) est prot\u00e9g\u00e9 par le droit d\u2019auteur.<\/p>\n\n\n\n<p>Sauf mention contraire, ces contenus sont la propri\u00e9t\u00e9 exclusive de\u00a0Meg.<\/p>\n\n\n\n<p>Toute reproduction, repr\u00e9sentation, modification, publication ou adaptation, totale ou partielle, des \u00e9l\u00e9ments du site, quel que soit le moyen ou le proc\u00e9d\u00e9 utilis\u00e9, est interdite sans autorisation \u00e9crite pr\u00e9alable.<\/p>\n\n\n\n<hr class=\"wp-block-separator has-alpha-channel-opacity\"\/>\n\n\n\n<h3 class=\"wp-block-heading\">4. Responsabilit\u00e9<\/h3>\n\n\n\n<p>Les informations diffus\u00e9es sur ce site sont fournies \u00e0 titre indicatif et peuvent \u00e9voluer.<\/p>\n\n\n\n<p>L\u2019\u00e9diteur ne saurait \u00eatre tenu responsable des erreurs ou omissions, ni des dommages directs ou indirects r\u00e9sultant de l\u2019utilisation des informations pr\u00e9sentes sur le site.<\/p>\n\n\n\n<p>Le site peut contenir des liens vers d\u2019autres sites externes. L\u2019\u00e9diteur ne peut \u00eatre tenu responsable du contenu de ces sites tiers.<\/p>\n\n\n\n<hr class=\"wp-block-separator has-alpha-channel-opacity\"\/>\n\n\n\n<h3 class=\"wp-block-heading\">5. Liens affili\u00e9s et partenariats<\/h3>\n\n\n\n<p>Le site peut contenir des liens affili\u00e9s. Cela signifie que l\u2019\u00e9diteur peut percevoir une commission si un achat est effectu\u00e9 via ces liens, sans co\u00fbt suppl\u00e9mentaire pour l\u2019utilisateur.<\/p>\n\n\n\n<p>Les articles sponsoris\u00e9s ou partenariats sont clairement indiqu\u00e9s comme tels.<\/p>\n","protected":false},"excerpt":{"rendered":"<p>Mentions l\u00e9gales Conform\u00e9ment aux dispositions des articles 6-III et 19 de la Loi pour la Confiance dans l\u2019\u00c9conomie Num\u00e9rique (LCEN), il est pr\u00e9cis\u00e9 aux utilisateurs du site les informations suivantes : 1. \u00c9diteur du site Nom et pr\u00e9nom :\u00a0Meg CHTNAdresse :\u00a0Paris, France Le directeur de la publication est :\u00a0Meg CHTN 2. H\u00e9bergement Le site est [&hellip;]<\/p>\n","protected":false},"author":1,"featured_media":0,"parent":0,"menu_order":0,"comment_status":"closed","ping_status":"closed","template":"","meta":{"site-sidebar-layout":"default","site-content-layout":"","ast-site-content-layout":"default","site-content-style":"default","site-sidebar-style":"default","ast-global-header-display":"","ast-banner-title-visibility":"","ast-main-header-display":"","ast-hfb-above-header-display":"","ast-hfb-below-header-display":"","ast-hfb-mobile-header-display":"","site-post-title":"","ast-breadcrumbs-content":"","ast-featured-img":"","footer-sml-layout":"","ast-disable-related-posts":"","theme-transparent-header-meta":"","adv-header-id-meta":"","stick-header-meta":"","header-above-stick-meta":"","header-main-stick-meta":"","header-below-stick-meta":"","astra-migrate-meta-layouts":"default","ast-page-background-enabled":"default","ast-page-background-meta":{"desktop":{"background-color":"var(--ast-global-color-5)","background-image":"","background-repeat":"repeat","background-position":"center center","background-size":"auto","background-attachment":"scroll","background-type":"","background-media":"","overlay-type":"","overlay-color":"","overlay-opacity":"","overlay-gradient":""},"tablet":{"background-color":"","background-image":"","background-repeat":"repeat","background-position":"center center","background-size":"auto","background-attachment":"scroll","background-type":"","background-media":"","overlay-type":"","overlay-color":"","overlay-opacity":"","overlay-gradient":""},"mobile":{"background-color":"","background-image":"","background-repeat":"repeat","background-position":"center center","background-size":"auto","background-attachment":"scroll","background-type":"","background-media":"","overlay-type":"","overlay-color":"","overlay-opacity":"","overlay-gradient":""}},"ast-content-background-meta":{"desktop":{"background-color":"var(--ast-global-color-4)","background-image":"","background-repeat":"repeat","background-position":"center center","background-size":"auto","background-attachment":"scroll","background-type":"","background-media":"","overlay-type":"","overlay-color":"","overlay-opacity":"","overlay-gradient":""},"tablet":{"background-color":"var(--ast-global-color-4)","background-image":"","background-repeat":"repeat","background-position":"center center","background-size":"auto","background-attachment":"scroll","background-type":"","background-media":"","overlay-type":"","overlay-color":"","overlay-opacity":"","overlay-gradient":""},"mobile":{"background-color":"var(--ast-global-color-4)","background-image":"","background-repeat":"repeat","background-position":"center center","background-size":"auto","background-attachment":"scroll","background-type":"","background-media":"","overlay-type":"","overlay-color":"","overlay-opacity":"","overlay-gradient":""}},"footnotes":""},"class_list":["post-19","page","type-page","status-publish","hentry"],"yoast_head":"<!-- This site is optimized with the Yoast SEO plugin v27.5 - https:\/\/yoast.com\/product\/yoast-seo-wordpress\/ -->\n<title>Mention L\u00e9gale - Voyagenpoche<\/title>\n<meta name=\"robots\" content=\"index, follow, max-snippet:-1, max-image-preview:large, max-video-preview:-1\" \/>\n<link rel=\"canonical\" href=\"https:\/\/voyagenpoche.com\/?page_id=19\" \/>\n<meta property=\"og:locale\" content=\"fr_FR\" \/>\n<meta property=\"og:type\" content=\"article\" \/>\n<meta property=\"og:title\" content=\"Mention L\u00e9gale - Voyagenpoche\" \/>\n<meta property=\"og:description\" content=\"Mentions l\u00e9gales Conform\u00e9ment aux dispositions des articles 6-III et 19 de la Loi pour la Confiance dans l\u2019\u00c9conomie Num\u00e9rique (LCEN), il est pr\u00e9cis\u00e9 aux utilisateurs du site les informations suivantes : 1. \u00c9diteur du site Nom et pr\u00e9nom :\u00a0Meg CHTNAdresse :\u00a0Paris, France Le directeur de la publication est :\u00a0Meg CHTN 2. H\u00e9bergement Le site est [&hellip;]\" \/>\n<meta property=\"og:url\" content=\"https:\/\/voyagenpoche.com\/?page_id=19\" \/>\n<meta property=\"og:site_name\" content=\"Voyagenpoche\" \/>\n<meta name=\"twitter:card\" content=\"summary_large_image\" \/>\n<meta name=\"twitter:label1\" content=\"Dur\u00e9e de lecture estim\u00e9e\" \/>\n\t<meta name=\"twitter:data1\" content=\"1 minute\" \/>\n<script type=\"application\/ld+json\" class=\"yoast-schema-graph\">{\"@context\":\"https:\\\/\\\/schema.org\",\"@graph\":[{\"@type\":\"WebPage\",\"@id\":\"https:\\\/\\\/voyagenpoche.com\\\/?page_id=19\",\"url\":\"https:\\\/\\\/voyagenpoche.com\\\/?page_id=19\",\"name\":\"Mention L\u00e9gale - Voyagenpoche\",\"isPartOf\":{\"@id\":\"https:\\\/\\\/voyagenpoche.com\\\/#website\"},\"datePublished\":\"2026-02-05T20:22:08+00:00\",\"breadcrumb\":{\"@id\":\"https:\\\/\\\/voyagenpoche.com\\\/?page_id=19#breadcrumb\"},\"inLanguage\":\"fr-FR\",\"potentialAction\":[{\"@type\":\"ReadAction\",\"target\":[\"https:\\\/\\\/voyagenpoche.com\\\/?page_id=19\"]}]},{\"@type\":\"BreadcrumbList\",\"@id\":\"https:\\\/\\\/voyagenpoche.com\\\/?page_id=19#breadcrumb\",\"itemListElement\":[{\"@type\":\"ListItem\",\"position\":1,\"name\":\"Accueil\",\"item\":\"https:\\\/\\\/voyagenpoche.com\\\/\"},{\"@type\":\"ListItem\",\"position\":2,\"name\":\"Mention L\u00e9gale\"}]},{\"@type\":\"WebSite\",\"@id\":\"https:\\\/\\\/voyagenpoche.com\\\/#website\",\"url\":\"https:\\\/\\\/voyagenpoche.com\\\/\",\"name\":\"Voyagenpoche\",\"description\":\"\",\"publisher\":{\"@id\":\"https:\\\/\\\/voyagenpoche.com\\\/#organization\"},\"potentialAction\":[{\"@type\":\"SearchAction\",\"target\":{\"@type\":\"EntryPoint\",\"urlTemplate\":\"https:\\\/\\\/voyagenpoche.com\\\/?s={search_term_string}\"},\"query-input\":{\"@type\":\"PropertyValueSpecification\",\"valueRequired\":true,\"valueName\":\"search_term_string\"}}],\"inLanguage\":\"fr-FR\"},{\"@type\":\"Organization\",\"@id\":\"https:\\\/\\\/voyagenpoche.com\\\/#organization\",\"name\":\"Voyagenpoche\",\"url\":\"https:\\\/\\\/voyagenpoche.com\\\/\",\"logo\":{\"@type\":\"ImageObject\",\"inLanguage\":\"fr-FR\",\"@id\":\"https:\\\/\\\/voyagenpoche.com\\\/#\\\/schema\\\/logo\\\/image\\\/\",\"url\":\"https:\\\/\\\/voyagenpoche.com\\\/wp-content\\\/uploads\\\/2026\\\/02\\\/cropped-voyagenpoche.png\",\"contentUrl\":\"https:\\\/\\\/voyagenpoche.com\\\/wp-content\\\/uploads\\\/2026\\\/02\\\/cropped-voyagenpoche.png\",\"width\":512,\"height\":512,\"caption\":\"Voyagenpoche\"},\"image\":{\"@id\":\"https:\\\/\\\/voyagenpoche.com\\\/#\\\/schema\\\/logo\\\/image\\\/\"}}]}<\/script>\n<!-- \/ Yoast SEO plugin. -->","yoast_head_json":{"title":"Mention L\u00e9gale - Voyagenpoche","robots":{"index":"index","follow":"follow","max-snippet":"max-snippet:-1","max-image-preview":"max-image-preview:large","max-video-preview":"max-video-preview:-1"},"canonical":"https:\/\/voyagenpoche.com\/?page_id=19","og_locale":"fr_FR","og_type":"article","og_title":"Mention L\u00e9gale - Voyagenpoche","og_description":"Mentions l\u00e9gales Conform\u00e9ment aux dispositions des articles 6-III et 19 de la Loi pour la Confiance dans l\u2019\u00c9conomie Num\u00e9rique (LCEN), il est pr\u00e9cis\u00e9 aux utilisateurs du site les informations suivantes : 1. \u00c9diteur du site Nom et pr\u00e9nom :\u00a0Meg CHTNAdresse :\u00a0Paris, France Le directeur de la publication est :\u00a0Meg CHTN 2. H\u00e9bergement Le site est [&hellip;]","og_url":"https:\/\/voyagenpoche.com\/?page_id=19","og_site_name":"Voyagenpoche","twitter_card":"summary_large_image","twitter_misc":{"Dur\u00e9e de lecture estim\u00e9e":"1 minute"},"schema":{"@context":"https:\/\/schema.org","@graph":[{"@type":"WebPage","@id":"https:\/\/voyagenpoche.com\/?page_id=19","url":"https:\/\/voyagenpoche.com\/?page_id=19","name":"Mention L\u00e9gale - Voyagenpoche","isPartOf":{"@id":"https:\/\/voyagenpoche.com\/#website"},"datePublished":"2026-02-05T20:22:08+00:00","breadcrumb":{"@id":"https:\/\/voyagenpoche.com\/?page_id=19#breadcrumb"},"inLanguage":"fr-FR","potentialAction":[{"@type":"ReadAction","target":["https:\/\/voyagenpoche.com\/?page_id=19"]}]},{"@type":"BreadcrumbList","@id":"https:\/\/voyagenpoche.com\/?page_id=19#breadcrumb","itemListElement":[{"@type":"ListItem","position":1,"name":"Accueil","item":"https:\/\/voyagenpoche.com\/"},{"@type":"ListItem","position":2,"name":"Mention L\u00e9gale"}]},{"@type":"WebSite","@id":"https:\/\/voyagenpoche.com\/#website","url":"https:\/\/voyagenpoche.com\/","name":"Voyagenpoche","description":"","publisher":{"@id":"https:\/\/voyagenpoche.com\/#organization"},"potentialAction":[{"@type":"SearchAction","target":{"@type":"EntryPoint","urlTemplate":"https:\/\/voyagenpoche.com\/?s={search_term_string}"},"query-input":{"@type":"PropertyValueSpecification","valueRequired":true,"valueName":"search_term_string"}}],"inLanguage":"fr-FR"},{"@type":"Organization","@id":"https:\/\/voyagenpoche.com\/#organization","name":"Voyagenpoche","url":"https:\/\/voyagenpoche.com\/","logo":{"@type":"ImageObject","inLanguage":"fr-FR","@id":"https:\/\/voyagenpoche.com\/#\/schema\/logo\/image\/","url":"https:\/\/voyagenpoche.com\/wp-content\/uploads\/2026\/02\/cropped-voyagenpoche.png","contentUrl":"https:\/\/voyagenpoche.com\/wp-content\/uploads\/2026\/02\/cropped-voyagenpoche.png","width":512,"height":512,"caption":"Voyagenpoche"},"image":{"@id":"https:\/\/voyagenpoche.com\/#\/schema\/logo\/image\/"}}]}},"jetpack_sharing_enabled":true,"_links":{"self":[{"href":"https:\/\/voyagenpoche.com\/index.php?rest_route=\/wp\/v2\/pages\/19","targetHints":{"allow":["GET"]}}],"collection":[{"href":"https:\/\/voyagenpoche.com\/index.php?rest_route=\/wp\/v2\/pages"}],"about":[{"href":"https:\/\/voyagenpoche.com\/index.php?rest_route=\/wp\/v2\/types\/page"}],"author":[{"embeddable":true,"href":"https:\/\/voyagenpoche.com\/index.php?rest_route=\/wp\/v2\/users\/1"}],"replies":[{"embeddable":true,"href":"https:\/\/voyagenpoche.com\/index.php?rest_route=%2Fwp%2Fv2%2Fcomments&post=19"}],"version-history":[{"count":1,"href":"https:\/\/voyagenpoche.com\/index.php?rest_route=\/wp\/v2\/pages\/19\/revisions"}],"predecessor-version":[{"id":20,"href":"https:\/\/voyagenpoche.com\/index.php?rest_route=\/wp\/v2\/pages\/19\/revisions\/20"}],"wp:attachment":[{"href":"https:\/\/voyagenpoche.com\/index.php?rest_route=%2Fwp%2Fv2%2Fmedia&parent=19"}],"curies":[{"name":"wp","href":"https:\/\/api.w.org\/{rel}","templated":true}]}}